{"id":3364,"date":"2023-03-17T16:24:01","date_gmt":"2023-03-17T16:24:01","guid":{"rendered":"https:\/\/www.asrhukuk.com\/oyku-celebi\/"},"modified":"2025-02-06T08:11:45","modified_gmt":"2025-02-06T08:11:45","slug":"oyku-celebi","status":"publish","type":"page","link":"https:\/\/www.asrhukuk.com\/ar\/oyku-celebi\/","title":{"rendered":"\u00d6yk\u00fc \u00c7elebi"},"content":{"rendered":"\t\t<div data-elementor-type=\"wp-page\" data-elementor-id=\"3364\" class=\"elementor elementor-3364 elementor-1745\" data-elementor-post-type=\"page\">\n\t\t\t\t\t\t<section class=\"elementor-section elementor-top-section elementor-element elementor-element-e95aa3d elementor-section-boxed elementor-section-height-default elementor-section-height-default\" data-id=\"e95aa3d\" data-element_type=\"section\" data-settings=\"{&quot;background_background&quot;:&quot;classic&quot;}\">\n\t\t\t\t\t\t\t<div class=\"elementor-background-overlay\"><\/div>\n\t\t\t\t\t\t\t<div class=\"elementor-container elementor-column-gap-no\">\n\t\t\t\t\t<div class=\"elementor-column elementor-col-100 elementor-top-column elementor-element elementor-element-c74120b\" data-id=\"c74120b\" data-element_type=\"column\">\n\t\t\t<div class=\"elementor-widget-wrap elementor-element-populated\">\n\t\t\t\t\t\t<div class=\"elementor-element elementor-element-02aebe5 elementor-widget elementor-widget-heading\" data-id=\"02aebe5\" data-element_type=\"widget\" data-widget_type=\"heading.default\">\n\t\t\t\t<div class=\"elementor-widget-container\">\n\t\t\t\t\t<h1 class=\"elementor-heading-title elementor-size-default\">\u00d6yk\u00fc \u00c7elebi<\/h1>\t\t\t\t<\/div>\n\t\t\t\t<\/div>\n\t\t\t\t<div class=\"elementor-element elementor-element-9b6358b elementor-widget-divider--view-line_icon elementor-view-default elementor-widget-divider--element-align-center elementor-widget elementor-widget-divider\" data-id=\"9b6358b\" data-element_type=\"widget\" data-widget_type=\"divider.default\">\n\t\t\t\t<div class=\"elementor-widget-container\">\n\t\t\t\t\t\t\t<div class=\"elementor-divider\">\n\t\t\t<span class=\"elementor-divider-separator\">\n\t\t\t\t\t\t\t<div class=\"elementor-icon elementor-divider__element\">\n\t\t\t\t\t<i aria-hidden=\"true\" class=\"fas fa-balance-scale\"><\/i><\/div>\n\t\t\t\t\t\t<\/span>\n\t\t<\/div>\n\t\t\t\t\t\t<\/div>\n\t\t\t\t<\/div>\n\t\t\t\t<div class=\"elementor-element elementor-element-dcd8068 elementor-widget elementor-widget-heading\" data-id=\"dcd8068\" data-element_type=\"widget\" data-widget_type=\"heading.default\">\n\t\t\t\t<div class=\"elementor-widget-container\">\n\t\t\t\t\t<h4 class=\"elementor-heading-title elementor-size-default\">\u0645\u062f\u064a\u0631 \u0627\u0644\u0634\u0624\u0648\u0646 \u0627\u0644\u0625\u062f\u0627\u0631\u064a\u0629<\/h4>\t\t\t\t<\/div>\n\t\t\t\t<\/div>\n\t\t\t\t\t<\/div>\n\t\t<\/div>\n\t\t\t\t\t<\/div>\n\t\t<\/section>\n\t\t\t\t<section class=\"elementor-section elementor-top-section elementor-element elementor-element-6aace38 elementor-section-boxed elementor-section-height-default elementor-section-height-default\" data-id=\"6aace38\" data-element_type=\"section\">\n\t\t\t\t\t\t<div class=\"elementor-container elementor-column-gap-no\">\n\t\t\t\t\t<div class=\"elementor-column elementor-col-50 elementor-top-column elementor-element elementor-element-582c328\" data-id=\"582c328\" data-element_type=\"column\">\n\t\t\t<div class=\"elementor-widget-wrap elementor-element-populated\">\n\t\t\t\t\t\t<div class=\"elementor-element elementor-element-5f3af6d animated-slow elementor-invisible elementor-widget elementor-widget-image\" data-id=\"5f3af6d\" data-element_type=\"widget\" data-settings=\"{&quot;_animation&quot;:&quot;fadeInUp&quot;}\" data-widget_type=\"image.default\">\n\t\t\t\t<div class=\"elementor-widget-container\">\n\t\t\t\t\t\t\t\t\t\t\t\t\t\t\t<img fetchpriority=\"high\" decoding=\"async\" width=\"944\" height=\"1419\" src=\"https:\/\/www.asrhukuk.com\/wp-content\/uploads\/2023\/03\/OYKU-CELEBI.jpg\" class=\"attachment-full size-full wp-image-1544\" alt=\"\" srcset=\"https:\/\/www.asrhukuk.com\/wp-content\/uploads\/2023\/03\/OYKU-CELEBI.jpg 944w, https:\/\/www.asrhukuk.com\/wp-content\/uploads\/2023\/03\/OYKU-CELEBI-200x300.jpg 200w, https:\/\/www.asrhukuk.com\/wp-content\/uploads\/2023\/03\/OYKU-CELEBI-681x1024.jpg 681w, https:\/\/www.asrhukuk.com\/wp-content\/uploads\/2023\/03\/OYKU-CELEBI-768x1154.jpg 768w\" sizes=\"(max-width: 944px) 100vw, 944px\" \/>\t\t\t\t\t\t\t\t\t\t\t\t\t\t\t<\/div>\n\t\t\t\t<\/div>\n\t\t\t\t<div class=\"elementor-element elementor-element-8786490 elementor-align-left elementor-tablet-align-center elementor-icon-list--layout-traditional elementor-list-item-link-full_width elementor-invisible elementor-widget elementor-widget-icon-list\" data-id=\"8786490\" data-element_type=\"widget\" data-settings=\"{&quot;_animation&quot;:&quot;fadeInUp&quot;}\" data-widget_type=\"icon-list.default\">\n\t\t\t\t<div class=\"elementor-widget-container\">\n\t\t\t\t\t\t\t<ul class=\"elementor-icon-list-items\">\n\t\t\t\t\t\t\t<li class=\"elementor-icon-list-item\">\n\t\t\t\t\t\t\t\t\t\t\t<span class=\"elementor-icon-list-icon\">\n\t\t\t\t\t\t\t<i aria-hidden=\"true\" class=\"fas fa-phone\"><\/i>\t\t\t\t\t\t<\/span>\n\t\t\t\t\t\t\t\t\t\t<span class=\"elementor-icon-list-text\">32 52 352 (0212) <\/span>\n\t\t\t\t\t\t\t\t\t<\/li>\n\t\t\t\t\t\t\t\t<li class=\"elementor-icon-list-item\">\n\t\t\t\t\t\t\t\t\t\t\t<span class=\"elementor-icon-list-icon\">\n\t\t\t\t\t\t\t<i aria-hidden=\"true\" class=\"fas fa-envelope\"><\/i>\t\t\t\t\t\t<\/span>\n\t\t\t\t\t\t\t\t\t\t<span class=\"elementor-icon-list-text\">oykucelebi@asrhukuk.com<\/span>\n\t\t\t\t\t\t\t\t\t<\/li>\n\t\t\t\t\t\t<\/ul>\n\t\t\t\t\t\t<\/div>\n\t\t\t\t<\/div>\n\t\t\t\t\t<\/div>\n\t\t<\/div>\n\t\t\t\t<div class=\"elementor-column elementor-col-50 elementor-top-column elementor-element elementor-element-015843b\" data-id=\"015843b\" data-element_type=\"column\">\n\t\t\t<div class=\"elementor-widget-wrap elementor-element-populated\">\n\t\t\t\t\t\t<div class=\"elementor-element elementor-element-89b8281 elementor-widget elementor-widget-icon-box\" data-id=\"89b8281\" data-element_type=\"widget\" data-widget_type=\"icon-box.default\">\n\t\t\t\t<div class=\"elementor-widget-container\">\n\t\t\t\t\t\t\t<div class=\"elementor-icon-box-wrapper\">\n\n\t\t\t\n\t\t\t\t\t\t<div class=\"elementor-icon-box-content\">\n\n\t\t\t\t\t\t\t\t\t<h3 class=\"elementor-icon-box-title\">\n\t\t\t\t\t\t<span  >\n\t\t\t\t\t\t\t\u0639\u0646\t\t\t\t\t\t<\/span>\n\t\t\t\t\t<\/h3>\n\t\t\t\t\n\t\t\t\t\t\t\t\t\t<p class=\"elementor-icon-box-description\">\n\t\t\t\t\t\t\u062a\u062e\u0631\u062c\u062a \u0645\u0646 \u0130stanbul \u062c\u0627\u0645\u0639\u0629 \u0639\u0627\u0645 2019.<br>\u0648\u0627\u0635\u0644\u062a \u00d6yk\u00fc \u00c7elebi \u0645\u0645\u0627\u0631\u0633\u0629 \u0645\u0647\u0646\u0629 \u0627\u0644\u0645\u062d\u0627\u0645\u0627\u0629 \u0641\u064a \u0645\u0643\u0627\u062a\u0628 \u0645\u062d\u0627\u0645\u0627\u0629 \u0645\u0631\u0645\u0648\u0642\u0629\u060c \u0648\u0627\u0646\u0636\u0645\u062a \u0625\u0644\u0649 ASR \u0645\u0643\u062a\u0628 \u0627\u0644\u0645\u062d\u0627\u0645\u0627\u0629 \u0648\u0627\u0644\u0627\u0633\u062a\u0634\u0627\u0631\u0627\u062a \u0641\u064a \u0639\u0627\u0645 2022.\n\t\t\t\t\t<\/p>\n\t\t\t\t\n\t\t\t<\/div>\n\t\t\t\n\t\t<\/div>\n\t\t\t\t\t\t<\/div>\n\t\t\t\t<\/div>\n\t\t\t\t<div class=\"elementor-element elementor-element-a7f1f91 elementor-widget-divider--view-line elementor-widget elementor-widget-divider\" data-id=\"a7f1f91\" data-element_type=\"widget\" data-widget_type=\"divider.default\">\n\t\t\t\t<div class=\"elementor-widget-container\">\n\t\t\t\t\t\t\t<div class=\"elementor-divider\">\n\t\t\t<span class=\"elementor-divider-separator\">\n\t\t\t\t\t\t<\/span>\n\t\t<\/div>\n\t\t\t\t\t\t<\/div>\n\t\t\t\t<\/div>\n\t\t\t\t<div class=\"elementor-element elementor-element-c2863be elementor-widget elementor-widget-heading\" data-id=\"c2863be\" data-element_type=\"widget\" data-widget_type=\"heading.default\">\n\t\t\t\t<div class=\"elementor-widget-container\">\n\t\t\t\t\t<h3 class=\"elementor-heading-title elementor-size-default\">\u062a\u0639\u0644\u064a\u0645<\/h3>\t\t\t\t<\/div>\n\t\t\t\t<\/div>\n\t\t\t\t<div class=\"elementor-element elementor-element-e20a930 elementor-view-stacked elementor-shape-square elementor-position-left elementor-mobile-position-left elementor-vertical-align-top elementor-widget elementor-widget-icon-box\" data-id=\"e20a930\" data-element_type=\"widget\" data-widget_type=\"icon-box.default\">\n\t\t\t\t<div class=\"elementor-widget-container\">\n\t\t\t\t\t\t\t<div class=\"elementor-icon-box-wrapper\">\n\n\t\t\t\t\t\t<div class=\"elementor-icon-box-icon\">\n\t\t\t\t<span  class=\"elementor-icon\">\n\t\t\t\t<i aria-hidden=\"true\" class=\"fas fa-check\"><\/i>\t\t\t\t<\/span>\n\t\t\t<\/div>\n\t\t\t\n\t\t\t\t\t\t<div class=\"elementor-icon-box-content\">\n\n\t\t\t\t\t\t\t\t\t<div class=\"elementor-icon-box-title\">\n\t\t\t\t\t\t<span  >\n\t\t\t\t\t\t\t2019\t\t\t\t\t\t<\/span>\n\t\t\t\t\t<\/div>\n\t\t\t\t\n\t\t\t\t\t\t\t\t\t<p class=\"elementor-icon-box-description\">\n\t\t\t\t\t\t\u062c\u0627\u0645\u0639\u0629 \u0130stanbul\t\t\t\t\t<\/p>\n\t\t\t\t\n\t\t\t<\/div>\n\t\t\t\n\t\t<\/div>\n\t\t\t\t\t\t<\/div>\n\t\t\t\t<\/div>\n\t\t\t\t\t<\/div>\n\t\t<\/div>\n\t\t\t\t\t<\/div>\n\t\t<\/section>\n\t\t\t\t<section class=\"elementor-section elementor-top-section elementor-element elementor-element-b5c9782 elementor-section-boxed elementor-section-height-default elementor-section-height-default\" data-id=\"b5c9782\" data-element_type=\"section\" data-settings=\"{&quot;background_background&quot;:&quot;classic&quot;}\">\n\t\t\t\t\t\t\t<div class=\"elementor-background-overlay\"><\/div>\n\t\t\t\t\t\t\t<div class=\"elementor-container elementor-column-gap-no\">\n\t\t\t\t\t<div class=\"elementor-column elementor-col-100 elementor-top-column elementor-element elementor-element-79bf025\" data-id=\"79bf025\" data-element_type=\"column\">\n\t\t\t<div class=\"elementor-widget-wrap elementor-element-populated\">\n\t\t\t\t\t\t<div class=\"elementor-element elementor-element-0711a79 elementor-widget elementor-widget-heading\" data-id=\"0711a79\" data-element_type=\"widget\" data-widget_type=\"heading.default\">\n\t\t\t\t<div class=\"elementor-widget-container\">\n\t\t\t\t\t<h2 class=\"elementor-heading-title elementor-size-default\">\u0623\u0646\u0627 \u0647\u0646\u0627 \u0644\u0645\u0633\u0627\u0639\u062f\u062a\u0643<\/h2>\t\t\t\t<\/div>\n\t\t\t\t<\/div>\n\t\t\t\t<div class=\"elementor-element elementor-element-36ab6a9 elementor-widget-divider--view-line_icon elementor-view-default elementor-widget-divider--element-align-center elementor-widget elementor-widget-divider\" data-id=\"36ab6a9\" data-element_type=\"widget\" data-widget_type=\"divider.default\">\n\t\t\t\t<div class=\"elementor-widget-container\">\n\t\t\t\t\t\t\t<div class=\"elementor-divider\">\n\t\t\t<span class=\"elementor-divider-separator\">\n\t\t\t\t\t\t\t<div class=\"elementor-icon elementor-divider__element\">\n\t\t\t\t\t<i aria-hidden=\"true\" class=\"fas fa-balance-scale\"><\/i><\/div>\n\t\t\t\t\t\t<\/span>\n\t\t<\/div>\n\t\t\t\t\t\t<\/div>\n\t\t\t\t<\/div>\n\t\t\t\t<div class=\"elementor-element elementor-element-555e86c elementor-widget elementor-widget-text-editor\" data-id=\"555e86c\" data-element_type=\"widget\" data-widget_type=\"text-editor.default\">\n\t\t\t\t<div class=\"elementor-widget-container\">\n\t\t\t\t\t\t\t\t\t<p>\u0645\u062d\u0627\u0645\u0648\u0646\u0627 \u0627\u0644\u062e\u0628\u0631\u0627\u0621 \u0645\u0639\u0643 \u062f\u0627\u0626\u0645\u0627\u064b \u0641\u064a \u062c\u0645\u064a\u0639 \u0625\u062c\u0631\u0627\u0621\u0627\u062a\u0643 \u0627\u0644\u0642\u0627\u0646\u0648\u0646\u064a\u0629.<\/p>\n\t\t\t\t\t\t\t\t<\/div>\n\t\t\t\t<\/div>\n\t\t\t\t<div class=\"elementor-element elementor-element-931f03e elementor-align-justify elementor-invisible elementor-widget elementor-widget-button\" data-id=\"931f03e\" data-element_type=\"widget\" data-settings=\"{&quot;_animation&quot;:&quot;zoomIn&quot;}\" data-widget_type=\"button.default\">\n\t\t\t\t<div class=\"elementor-widget-container\">\n\t\t\t\t\t\t\t\t\t<div class=\"elementor-button-wrapper\">\n\t\t\t\t\t<a class=\"elementor-button elementor-button-link elementor-size-sm\" href=\"#\">\n\t\t\t\t\t\t<span class=\"elementor-button-content-wrapper\">\n\t\t\t\t\t\t\t\t\t<span class=\"elementor-button-text\">\u0627\u0644\u0627\u062a\u0635\u0627\u0644<\/span>\n\t\t\t\t\t<\/span>\n\t\t\t\t\t<\/a>\n\t\t\t\t<\/div>\n\t\t\t\t\t\t\t\t<\/div>\n\t\t\t\t<\/div>\n\t\t\t\t<div class=\"elementor-element elementor-element-cf40001 elementor-icon-list--layout-inline elementor-align-center animated-slow elementor-list-item-link-full_width elementor-invisible elementor-widget elementor-widget-icon-list\" data-id=\"cf40001\" data-element_type=\"widget\" data-settings=\"{&quot;_animation&quot;:&quot;fadeInUp&quot;,&quot;_animation_delay&quot;:300}\" data-widget_type=\"icon-list.default\">\n\t\t\t\t<div class=\"elementor-widget-container\">\n\t\t\t\t\t\t\t<ul class=\"elementor-icon-list-items elementor-inline-items\">\n\t\t\t\t\t\t\t<li class=\"elementor-icon-list-item elementor-inline-item\">\n\t\t\t\t\t\t\t\t\t\t\t<span class=\"elementor-icon-list-icon\">\n\t\t\t\t\t\t\t<i aria-hidden=\"true\" class=\"fas fa-phone\"><\/i>\t\t\t\t\t\t<\/span>\n\t\t\t\t\t\t\t\t\t\t<span class=\"elementor-icon-list-text\">32 52 352 (0212) <\/span>\n\t\t\t\t\t\t\t\t\t<\/li>\n\t\t\t\t\t\t\t\t<li class=\"elementor-icon-list-item elementor-inline-item\">\n\t\t\t\t\t\t\t\t\t\t\t<span class=\"elementor-icon-list-icon\">\n\t\t\t\t\t\t\t<i aria-hidden=\"true\" class=\"fas fa-envelope\"><\/i>\t\t\t\t\t\t<\/span>\n\t\t\t\t\t\t\t\t\t\t<span class=\"elementor-icon-list-text\">info@asrhukuk.com<\/span>\n\t\t\t\t\t\t\t\t\t<\/li>\n\t\t\t\t\t\t<\/ul>\n\t\t\t\t\t\t<\/div>\n\t\t\t\t<\/div>\n\t\t\t\t\t<\/div>\n\t\t<\/div>\n\t\t\t\t\t<\/div>\n\t\t<\/section>\n\t\t\t\t<\/div>\n\t\t","protected":false},"excerpt":{"rendered":"<p>\u00d6yk\u00fc \u00c7elebi \u0645\u062f\u064a\u0631 \u0627\u0644\u0634\u0624\u0648\u0646 \u0627\u0644\u0625\u062f\u0627\u0631\u064a\u0629 32 52 352 (0212) oykucelebi@asrhukuk.com \u0639\u0646 \u062a\u062e\u0631\u062c\u062a \u0645\u0646 \u0130stanbul \u062c\u0627\u0645\u0639\u0629 \u0639\u0627\u0645 2019.\u0648\u0627\u0635\u0644\u062a \u00d6yk\u00fc \u00c7elebi \u0645\u0645\u0627\u0631\u0633\u0629 \u0645\u0647\u0646\u0629 \u0627\u0644\u0645\u062d\u0627\u0645\u0627\u0629 \u0641\u064a \u0645\u0643\u0627\u062a\u0628 \u0645\u062d\u0627\u0645\u0627\u0629 \u0645\u0631\u0645\u0648\u0642\u0629\u060c \u0648\u0627\u0646\u0636\u0645\u062a \u0625\u0644\u0649 ASR \u0645\u0643\u062a\u0628 \u0627\u0644\u0645\u062d\u0627\u0645\u0627\u0629 \u0648\u0627\u0644\u0627\u0633\u062a\u0634\u0627\u0631\u0627\u062a \u0641\u064a \u0639\u0627\u0645 2022. \u062a\u0639\u0644\u064a\u0645 2019 \u062c\u0627\u0645\u0639\u0629 \u0130stanbul \u0623\u0646\u0627 \u0647\u0646\u0627 \u0644\u0645\u0633\u0627\u0639\u062f\u062a\u0643 \u0645\u062d\u0627\u0645\u0648\u0646\u0627 \u0627\u0644\u062e\u0628\u0631\u0627\u0621 \u0645\u0639\u0643 \u062f\u0627\u0626\u0645\u0627\u064b \u0641\u064a \u062c\u0645\u064a\u0639 \u0625\u062c\u0631\u0627\u0621\u0627\u062a\u0643 \u0627\u0644\u0642\u0627\u0646\u0648\u0646\u064a\u0629. \u0627\u0644\u0627\u062a\u0635\u0627\u0644 32 52 352 (0212) [&hellip;]<\/p>\n","protected":false},"author":1,"featured_media":0,"parent":0,"menu_order":0,"comment_status":"closed","ping_status":"closed","template":"","meta":{"footnotes":""},"class_list":["post-3364","page","type-page","status-publish","hentry"],"_links":{"self":[{"href":"https:\/\/www.asrhukuk.com\/ar\/wp-json\/wp\/v2\/pages\/3364","targetHints":{"allow":["GET"]}}],"collection":[{"href":"https:\/\/www.asrhukuk.com\/ar\/wp-json\/wp\/v2\/pages"}],"about":[{"href":"https:\/\/www.asrhukuk.com\/ar\/wp-json\/wp\/v2\/types\/page"}],"author":[{"embeddable":true,"href":"https:\/\/www.asrhukuk.com\/ar\/wp-json\/wp\/v2\/users\/1"}],"replies":[{"embeddable":true,"href":"https:\/\/www.asrhukuk.com\/ar\/wp-json\/wp\/v2\/comments?post=3364"}],"version-history":[{"count":4,"href":"https:\/\/www.asrhukuk.com\/ar\/wp-json\/wp\/v2\/pages\/3364\/revisions"}],"predecessor-version":[{"id":3706,"href":"https:\/\/www.asrhukuk.com\/ar\/wp-json\/wp\/v2\/pages\/3364\/revisions\/3706"}],"wp:attachment":[{"href":"https:\/\/www.asrhukuk.com\/ar\/wp-json\/wp\/v2\/media?parent=3364"}],"curies":[{"name":"wp","href":"https:\/\/api.w.org\/{rel}","templated":true}]}}